{"id":6055,"date":"2021-09-09T10:11:52","date_gmt":"2021-09-09T02:11:52","guid":{"rendered":"https:\/\/www.jvlian.com\/?page_id=6055"},"modified":"2025-05-11T18:28:21","modified_gmt":"2025-05-11T10:28:21","slug":"about-us","status":"publish","type":"page","link":"https:\/\/www.jvlian.com\/es\/about-us","title":{"rendered":"SOBRE NOSOTROS"},"content":{"rendered":"<p>Yueqing Chengyang Electric Co., Ltd. se encuentra en Liushi, provincia de Zhejiang, la capital de los electrodom\u00e9sticos en China. Es una empresa orientada a la exportaci\u00f3n que integra I+D, producci\u00f3n y comercio. Centrada en aparatos de iluminaci\u00f3n y aparatos de control, los productos de iluminaci\u00f3n incluyen disyuntores en miniatura, disyuntores de fuga, disyuntores de caja moldeada y protectores de sobretensi\u00f3n; los aparatos de control son contactores de CA, disyuntores de control de motor, rel\u00e9s t\u00e9rmicos, etc.<\/p>\n<p>En los \u00faltimos a\u00f1os, de acuerdo con el mercado y las necesidades de los clientes, Chengyang Electric ha desarrollado e introducido nuevos productos el\u00e9ctricos de CC de energ\u00eda, que se utilizan ampliamente en la generaci\u00f3n de energ\u00eda solar, pilas de carga de autom\u00f3viles y otros entornos de CC.<\/p>\n<p>La empresa cuenta con un equipo profesional de I+D y gesti\u00f3n para mejorar el nivel t\u00e9cnico, conceptos de producci\u00f3n avanzados y equipos de prueba, establecer un sistema de calidad de acuerdo con los est\u00e1ndares e implementarlo estrictamente para garantizar que la calidad del producto y el proceso cumplan con los est\u00e1ndares nacionales pertinentes.<\/p>\n<p>La empresa siempre se adhiere a los tres principios de \u00abel cliente primero, el servicio primero y la calidad primero\u00bb. Los productos son favorecidos y elogiados por la mayor\u00eda de los usuarios.<\/p>","protected":false},"excerpt":{"rendered":"<p>Yueqing Chengyang Electric Co., Ltd. se encuentra en Liushi, provincia de Zhejiang, la capital de los electrodom\u00e9sticos en China. Es una empresa orientada a la exportaci\u00f3n que integra I+D, producci\u00f3n y comercio. Centrada en aparatos de iluminaci\u00f3n y aparatos de control, los productos de iluminaci\u00f3n incluyen disyuntores en miniatura, disyuntores de fuga, disyuntores de caja [&hellip;]<\/p>\n","protected":false},"author":1,"featured_media":0,"parent":0,"menu_order":0,"comment_status":"closed","ping_status":"closed","template":"page-aboutus.php","meta":{"footnotes":""},"class_list":["post-6055","page","type-page","status-publish","hentry"],"_links":{"self":[{"href":"https:\/\/www.jvlian.com\/es\/wp-json\/wp\/v2\/pages\/6055","targetHints":{"allow":["GET"]}}],"collection":[{"href":"https:\/\/www.jvlian.com\/es\/wp-json\/wp\/v2\/pages"}],"about":[{"href":"https:\/\/www.jvlian.com\/es\/wp-json\/wp\/v2\/types\/page"}],"author":[{"embeddable":true,"href":"https:\/\/www.jvlian.com\/es\/wp-json\/wp\/v2\/users\/1"}],"replies":[{"embeddable":true,"href":"https:\/\/www.jvlian.com\/es\/wp-json\/wp\/v2\/comments?post=6055"}],"version-history":[{"count":5,"href":"https:\/\/www.jvlian.com\/es\/wp-json\/wp\/v2\/pages\/6055\/revisions"}],"predecessor-version":[{"id":18510,"href":"https:\/\/www.jvlian.com\/es\/wp-json\/wp\/v2\/pages\/6055\/revisions\/18510"}],"wp:attachment":[{"href":"https:\/\/www.jvlian.com\/es\/wp-json\/wp\/v2\/media?parent=6055"}],"curies":[{"name":"wp","href":"https:\/\/api.w.org\/{rel}","templated":true}]}}